{"id":18376,"date":"2022-11-09T17:45:07","date_gmt":"2022-11-09T15:45:07","guid":{"rendered":"https:\/\/aensystems.com.mk\/kontaktoni\/"},"modified":"2022-12-10T00:01:56","modified_gmt":"2022-12-09T22:01:56","slug":"kontaktoni","status":"publish","type":"page","link":"https:\/\/aensystems.com.mk\/sq\/kontaktoni\/","title":{"rendered":"Kontaktoni"},"content":{"rendered":"\t\t<div data-elementor-type=\"wp-page\" data-elementor-id=\"18376\" class=\"elementor elementor-18376 elementor-13321\" data-elementor-post-type=\"page\">\n\t\t\t\t\t\t<section class=\"wd-negative-gap elementor-section elementor-top-section elementor-element elementor-element-6ac7771 elementor-section-height-min-height wd-section-stretch elementor-section-boxed elementor-section-height-default elementor-section-items-middle\" data-id=\"6ac7771\" data-element_type=\"section\" data-settings=\"{&quot;background_background&quot;:&quot;classic&quot;}\">\n\t\t\t\t\t\t\t<div class=\"elementor-background-overlay\"><\/div>\n\t\t\t\t\t\t\t<div class=\"elementor-container elementor-column-gap-default\">\n\t\t\t\t\t<div class=\"elementor-column elementor-col-100 elementor-top-column elementor-element elementor-element-5edbab5\" data-id=\"5edbab5\" data-element_type=\"column\">\n\t\t\t<div class=\"elementor-widget-wrap\">\n\t\t\t\t\t\t\t<\/div>\n\t\t<\/div>\n\t\t\t\t\t<\/div>\n\t\t<\/section>\n\t\t\t\t<section class=\"wd-negative-gap elementor-section elementor-top-section elementor-element elementor-element-cb8f158 wd-section-stretch elementor-section-boxed elementor-section-height-default elementor-section-height-default\" data-id=\"cb8f158\" data-element_type=\"section\" data-settings=\"{&quot;background_background&quot;:&quot;classic&quot;}\">\n\t\t\t\t\t\t<div class=\"elementor-container elementor-column-gap-default\">\n\t\t\t\t\t<div class=\"elementor-column elementor-col-100 elementor-top-column elementor-element elementor-element-98d408d\" data-id=\"98d408d\" data-element_type=\"column\">\n\t\t\t<div class=\"elementor-widget-wrap elementor-element-populated\">\n\t\t\t\t\t\t<section class=\"wd-negative-gap elementor-section elementor-inner-section elementor-element elementor-element-08bcd28 elementor-section-boxed elementor-section-height-default elementor-section-height-default\" data-id=\"08bcd28\" data-element_type=\"section\">\n\t\t\t\t\t\t<div class=\"elementor-container elementor-column-gap-default\">\n\t\t\t\t\t<div class=\"elementor-column elementor-col-33 elementor-inner-column elementor-element elementor-element-7899a29\" data-id=\"7899a29\" data-element_type=\"column\">\n\t\t\t<div class=\"elementor-widget-wrap elementor-element-populated\">\n\t\t\t\t\t\t<div class=\"elementor-element elementor-element-fa55807 elementor-view-default elementor-position-top elementor-mobile-position-top elementor-widget elementor-widget-icon-box\" data-id=\"fa55807\" data-element_type=\"widget\" data-widget_type=\"icon-box.default\">\n\t\t\t\t<div class=\"elementor-widget-container\">\n\t\t\t\t\t\t\t<div class=\"elementor-icon-box-wrapper\">\n\n\t\t\t\t\t\t<div class=\"elementor-icon-box-icon\">\n\t\t\t\t<span  class=\"elementor-icon\">\n\t\t\t\t<i aria-hidden=\"true\" class=\"fas fa-map-marked-alt\"><\/i>\t\t\t\t<\/span>\n\t\t\t<\/div>\n\t\t\t\n\t\t\t\t\t\t<div class=\"elementor-icon-box-content\">\n\n\t\t\t\t\t\t\t\t\t<h3 class=\"elementor-icon-box-title\">\n\t\t\t\t\t\t<span  >\n\t\t\t\t\t\t\tAdres\u00eb:\t\t\t\t\t\t<\/span>\n\t\t\t\t\t<\/h3>\n\t\t\t\t\n\t\t\t\t\t\t\t\t\t<p class=\"elementor-icon-box-description\">\n\t\t\t\t\t\t14 Bitpazarska 1000 Shkup, Maqedonia e Veriut\t\t\t\t\t<\/p>\n\t\t\t\t\n\t\t\t<\/div>\n\t\t\t\n\t\t<\/div>\n\t\t\t\t\t\t<\/div>\n\t\t\t\t<\/div>\n\t\t\t\t\t<\/div>\n\t\t<\/div>\n\t\t\t\t<div class=\"elementor-column elementor-col-33 elementor-inner-column elementor-element elementor-element-0c712da\" data-id=\"0c712da\" data-element_type=\"column\">\n\t\t\t<div class=\"elementor-widget-wrap elementor-element-populated\">\n\t\t\t\t\t\t<div class=\"elementor-element elementor-element-b26b810 elementor-view-default elementor-position-top elementor-mobile-position-top elementor-widget elementor-widget-icon-box\" data-id=\"b26b810\" data-element_type=\"widget\" data-widget_type=\"icon-box.default\">\n\t\t\t\t<div class=\"elementor-widget-container\">\n\t\t\t\t\t\t\t<div class=\"elementor-icon-box-wrapper\">\n\n\t\t\t\t\t\t<div class=\"elementor-icon-box-icon\">\n\t\t\t\t<span  class=\"elementor-icon\">\n\t\t\t\t<i aria-hidden=\"true\" class=\"fas fa-phone\"><\/i>\t\t\t\t<\/span>\n\t\t\t<\/div>\n\t\t\t\n\t\t\t\t\t\t<div class=\"elementor-icon-box-content\">\n\n\t\t\t\t\t\t\t\t\t<h3 class=\"elementor-icon-box-title\">\n\t\t\t\t\t\t<span  >\n\t\t\t\t\t\t\tTelefoni:\t\t\t\t\t\t<\/span>\n\t\t\t\t\t<\/h3>\n\t\t\t\t\n\t\t\t\t\t\t\t\t\t<p class=\"elementor-icon-box-description\">\n\t\t\t\t\t\t+389 71 341 418\t\t\t\t\t<\/p>\n\t\t\t\t\n\t\t\t<\/div>\n\t\t\t\n\t\t<\/div>\n\t\t\t\t\t\t<\/div>\n\t\t\t\t<\/div>\n\t\t\t\t\t<\/div>\n\t\t<\/div>\n\t\t\t\t<div class=\"elementor-column elementor-col-33 elementor-inner-column elementor-element elementor-element-b5b2b6a\" data-id=\"b5b2b6a\" data-element_type=\"column\">\n\t\t\t<div class=\"elementor-widget-wrap elementor-element-populated\">\n\t\t\t\t\t\t<div class=\"elementor-element elementor-element-220d607 elementor-view-default elementor-position-top elementor-mobile-position-top elementor-widget elementor-widget-icon-box\" data-id=\"220d607\" data-element_type=\"widget\" data-widget_type=\"icon-box.default\">\n\t\t\t\t<div class=\"elementor-widget-container\">\n\t\t\t\t\t\t\t<div class=\"elementor-icon-box-wrapper\">\n\n\t\t\t\t\t\t<div class=\"elementor-icon-box-icon\">\n\t\t\t\t<span  class=\"elementor-icon\">\n\t\t\t\t<i aria-hidden=\"true\" class=\"far fa-envelope\"><\/i>\t\t\t\t<\/span>\n\t\t\t<\/div>\n\t\t\t\n\t\t\t\t\t\t<div class=\"elementor-icon-box-content\">\n\n\t\t\t\t\t\t\t\t\t<h3 class=\"elementor-icon-box-title\">\n\t\t\t\t\t\t<span  >\n\t\t\t\t\t\t\tEmail:\t\t\t\t\t\t<\/span>\n\t\t\t\t\t<\/h3>\n\t\t\t\t\n\t\t\t\t\t\t\t\t\t<p class=\"elementor-icon-box-description\">\n\t\t\t\t\t\taensystemsmk@gmail.com\t\t\t\t\t<\/p>\n\t\t\t\t\n\t\t\t<\/div>\n\t\t\t\n\t\t<\/div>\n\t\t\t\t\t\t<\/div>\n\t\t\t\t<\/div>\n\t\t\t\t\t<\/div>\n\t\t<\/div>\n\t\t\t\t\t<\/div>\n\t\t<\/section>\n\t\t\t\t\t<\/div>\n\t\t<\/div>\n\t\t\t\t\t<\/div>\n\t\t<\/section>\n\t\t\t\t<section class=\"wd-negative-gap elementor-section elementor-top-section elementor-element elementor-element-29c130d wd-section-stretch-content elementor-section-boxed elementor-section-height-default elementor-section-height-default\" data-id=\"29c130d\" data-element_type=\"section\">\n\t\t\t\t\t\t<div class=\"elementor-container elementor-column-gap-default\">\n\t\t\t\t\t<div class=\"elementor-column elementor-col-100 elementor-top-column elementor-element elementor-element-dfb1598\" data-id=\"dfb1598\" data-element_type=\"column\">\n\t\t\t<div class=\"elementor-widget-wrap elementor-element-populated\">\n\t\t\t\t\t\t<div class=\"elementor-element elementor-element-80e0a6d elementor-widget elementor-widget-html\" data-id=\"80e0a6d\" data-element_type=\"widget\" data-widget_type=\"html.default\">\n\t\t\t\t<div class=\"elementor-widget-container\">\n\t\t\t\t\t<iframe src=\"https:\/\/www.google.com\/maps\/embed?pb=!1m14!1m8!1m3!1d740.9762551179983!2d21.4496338!3d42.0237699!3m2!1i1024!2i768!4f13.1!3m3!1m2!1s0x135415b5c9b3487d%3A0xda24fdabbf833ad0!2sAEN%20SYSTEMS!5e0!3m2!1sen!2smk!4v1649858878217!5m2!1sen!2smk\" width=\"100%\" height=\"350\" style=\"border:0;\" allowfullscreen=\"\" loading=\"lazy\" referrerpolicy=\"no-referrer-when-downgrade\">\n<\/iframe>\t\t\t\t<\/div>\n\t\t\t\t<\/div>\n\t\t\t\t\t<\/div>\n\t\t<\/div>\n\t\t\t\t\t<\/div>\n\t\t<\/section>\n\t\t\t\t<section class=\"wd-negative-gap elementor-section elementor-top-section elementor-element elementor-element-7dc1eaf wd-section-stretch elementor-section-boxed elementor-section-height-default elementor-section-height-default\" data-id=\"7dc1eaf\" data-element_type=\"section\" data-settings=\"{&quot;background_background&quot;:&quot;classic&quot;}\">\n\t\t\t\t\t\t<div class=\"elementor-container elementor-column-gap-default\">\n\t\t\t\t\t<div class=\"elementor-column elementor-col-100 elementor-top-column elementor-element elementor-element-2c4e53e\" data-id=\"2c4e53e\" data-element_type=\"column\">\n\t\t\t<div class=\"elementor-widget-wrap elementor-element-populated\">\n\t\t\t\t\t\t<section class=\"wd-negative-gap elementor-section elementor-inner-section elementor-element elementor-element-5eace85 elementor-section-boxed elementor-section-height-default elementor-section-height-default\" data-id=\"5eace85\" data-element_type=\"section\" data-settings=\"{&quot;background_background&quot;:&quot;classic&quot;}\">\n\t\t\t\t\t\t<div class=\"elementor-container elementor-column-gap-default\">\n\t\t\t\t\t<div class=\"elementor-column elementor-col-50 elementor-inner-column elementor-element elementor-element-5ed0c20\" data-id=\"5ed0c20\" data-element_type=\"column\" data-settings=\"{&quot;background_background&quot;:&quot;classic&quot;}\">\n\t\t\t<div class=\"elementor-widget-wrap\">\n\t\t\t\t\t\t\t<\/div>\n\t\t<\/div>\n\t\t\t\t<div class=\"elementor-column elementor-col-50 elementor-inner-column elementor-element elementor-element-1faf8a3\" data-id=\"1faf8a3\" data-element_type=\"column\">\n\t\t\t<div class=\"elementor-widget-wrap elementor-element-populated\">\n\t\t\t\t\t\t<div class=\"elementor-element elementor-element-b0b3dbe elementor-widget elementor-widget-heading\" data-id=\"b0b3dbe\" data-element_type=\"widget\" data-widget_type=\"heading.default\">\n\t\t\t\t<div class=\"elementor-widget-container\">\n\t\t\t\t\t<h2 class=\"elementor-heading-title elementor-size-default\">Na kontaktoni<\/h2>\t\t\t\t<\/div>\n\t\t\t\t<\/div>\n\t\t\t\t<div class=\"elementor-element elementor-element-795cb1a elementor-widget elementor-widget-heading\" data-id=\"795cb1a\" data-element_type=\"widget\" data-widget_type=\"heading.default\">\n\t\t\t\t<div class=\"elementor-widget-container\">\n\t\t\t\t\t<h3 class=\"elementor-heading-title elementor-size-default\">JU LUTEM NA KONTAKTONI DUKE P\u00cbRDORUR FORMULARI M\u00cb POSHT\u00cb<\/h3>\t\t\t\t<\/div>\n\t\t\t\t<\/div>\n\t\t\t\t<div class=\"elementor-element elementor-element-0698359 elementor-widget elementor-widget-wd_contact_form_7\" data-id=\"0698359\" data-element_type=\"widget\" data-widget_type=\"wd_contact_form_7.default\">\n\t\t\t\t<div class=\"elementor-widget-container\">\n\t\t\t\t\t\n<div class=\"wpcf7 no-js\" id=\"wpcf7-f18995-o1\" lang=\"sq-AL\" dir=\"ltr\" data-wpcf7-id=\"18995\">\n<div class=\"screen-reader-response\"><p role=\"status\" aria-live=\"polite\" aria-atomic=\"true\"><\/p> <ul><\/ul><\/div>\n<form action=\"\/sq\/wp-json\/wp\/v2\/pages\/18376#wpcf7-f18995-o1\" method=\"post\" class=\"wpcf7-form init\" aria-label=\"Contact form\" novalidate=\"novalidate\" data-status=\"init\">\n<fieldset class=\"hidden-fields-container\"><input type=\"hidden\" name=\"_wpcf7\" value=\"18995\" \/><input type=\"hidden\" name=\"_wpcf7_version\" value=\"6.1.2\" \/><input type=\"hidden\" name=\"_wpcf7_locale\" value=\"sq_AL\" \/><input type=\"hidden\" name=\"_wpcf7_unit_tag\" value=\"wpcf7-f18995-o1\" \/><input type=\"hidden\" name=\"_wpcf7_container_post\" value=\"0\" \/><input type=\"hidden\" name=\"_wpcf7_posted_data_hash\" value=\"\" \/><input type=\"hidden\" name=\"_wpcf7_recaptcha_response\" value=\"\" \/>\n<\/fieldset>\n<p><label> Emri<br \/>\n<span class=\"wpcf7-form-control-wrap\" data-name=\"your-name\"><input size=\"40\" maxlength=\"400\" class=\"wpcf7-form-control wpcf7-text wpcf7-validates-as-required\" aria-required=\"true\" aria-invalid=\"false\" value=\"\" type=\"text\" name=\"your-name\" \/><\/span> <\/label>\n<\/p>\n<p><label> Email<br \/>\n<span class=\"wpcf7-form-control-wrap\" data-name=\"your-email\"><input size=\"40\" maxlength=\"400\" class=\"wpcf7-form-control wpcf7-email wpcf7-validates-as-required wpcf7-text wpcf7-validates-as-email\" aria-required=\"true\" aria-invalid=\"false\" value=\"\" type=\"email\" name=\"your-email\" \/><\/span> <\/label>\n<\/p>\n<p><label> Subjekt<br \/>\n<span class=\"wpcf7-form-control-wrap\" data-name=\"your-subject\"><input size=\"40\" maxlength=\"400\" class=\"wpcf7-form-control wpcf7-text wpcf7-validates-as-required\" aria-required=\"true\" aria-invalid=\"false\" value=\"\" type=\"text\" name=\"your-subject\" \/><\/span> <\/label>\n<\/p>\n<p><label> Mesazh (opsionale)<br \/>\n<span class=\"wpcf7-form-control-wrap\" data-name=\"your-message\"><textarea cols=\"40\" rows=\"10\" maxlength=\"2000\" class=\"wpcf7-form-control wpcf7-textarea\" aria-invalid=\"false\" name=\"your-message\"><\/textarea><\/span> <\/label>\n<\/p>\n<p><input class=\"wpcf7-form-control wpcf7-submit has-spinner\" type=\"submit\" value=\"D\u00ebrgo\" \/>\n<\/p><div class=\"wpcf7-response-output\" aria-hidden=\"true\"><\/div>\n<\/form>\n<\/div>\n\t\t\t\t<\/div>\n\t\t\t\t<\/div>\n\t\t\t\t\t<\/div>\n\t\t<\/div>\n\t\t\t\t\t<\/div>\n\t\t<\/section>\n\t\t\t\t\t<\/div>\n\t\t<\/div>\n\t\t\t\t\t<\/div>\n\t\t<\/section>\n\t\t\t\t<\/div>\n\t\t","protected":false},"excerpt":{"rendered":"<p>Adres\u00eb: 14 Bitpazarska 1000 Shkup, Maqedonia e Veriut Telefoni: +389 71 341 418 Email: aensystemsmk@gmail.com Na kontaktoni JU LUTEM NA<\/p>\n","protected":false},"author":1,"featured_media":0,"parent":0,"menu_order":0,"comment_status":"closed","ping_status":"closed","template":"","meta":{"footnotes":""},"class_list":["post-18376","page","type-page","status-publish","hentry"],"yoast_head":"<!-- This site is optimized with the Yoast SEO plugin v26.1.1 - https:\/\/yoast.com\/wordpress\/plugins\/seo\/ -->\n<title>Kontaktoni - \u0410\u0415\u041d \u0421\u0438\u0441\u0442\u0435\u043c\u0441<\/title>\n<meta name=\"robots\" content=\"index, follow, max-snippet:-1, max-image-preview:large, max-video-preview:-1\" \/>\n<link rel=\"canonical\" href=\"https:\/\/aensystems.com.mk\/sq\/kontaktoni\/\" \/>\n<meta property=\"og:locale\" content=\"sq_AL\" \/>\n<meta property=\"og:type\" content=\"article\" \/>\n<meta property=\"og:title\" content=\"Kontaktoni - \u0410\u0415\u041d \u0421\u0438\u0441\u0442\u0435\u043c\u0441\" \/>\n<meta property=\"og:description\" content=\"Adres\u00eb: 14 Bitpazarska 1000 Shkup, Maqedonia e Veriut Telefoni: +389 71 341 418 Email: aensystemsmk@gmail.com Na kontaktoni JU LUTEM NA\" \/>\n<meta property=\"og:url\" content=\"https:\/\/aensystems.com.mk\/sq\/kontaktoni\/\" \/>\n<meta property=\"og:site_name\" content=\"\u0410\u0415\u041d \u0421\u0438\u0441\u0442\u0435\u043c\u0441\" \/>\n<meta property=\"article:modified_time\" content=\"2022-12-09T22:01:56+00:00\" \/>\n<meta name=\"twitter:card\" content=\"summary_large_image\" \/>\n<meta name=\"twitter:label1\" content=\"Est. reading time\" \/>\n\t<meta name=\"twitter:data1\" content=\"1 minute\" \/>\n<script type=\"application\/ld+json\" class=\"yoast-schema-graph\">{\"@context\":\"https:\/\/schema.org\",\"@graph\":[{\"@type\":\"WebPage\",\"@id\":\"https:\/\/aensystems.com.mk\/sq\/kontaktoni\/\",\"url\":\"https:\/\/aensystems.com.mk\/sq\/kontaktoni\/\",\"name\":\"Kontaktoni - \u0410\u0415\u041d \u0421\u0438\u0441\u0442\u0435\u043c\u0441\",\"isPartOf\":{\"@id\":\"https:\/\/aensystems.com.mk\/sq\/#website\"},\"datePublished\":\"2022-11-09T15:45:07+00:00\",\"dateModified\":\"2022-12-09T22:01:56+00:00\",\"breadcrumb\":{\"@id\":\"https:\/\/aensystems.com.mk\/sq\/kontaktoni\/#breadcrumb\"},\"inLanguage\":\"sq-AL\",\"potentialAction\":[{\"@type\":\"ReadAction\",\"target\":[\"https:\/\/aensystems.com.mk\/sq\/kontaktoni\/\"]}]},{\"@type\":\"BreadcrumbList\",\"@id\":\"https:\/\/aensystems.com.mk\/sq\/kontaktoni\/#breadcrumb\",\"itemListElement\":[{\"@type\":\"ListItem\",\"position\":1,\"name\":\"Home\",\"item\":\"https:\/\/aensystems.com.mk\/sq\/\"},{\"@type\":\"ListItem\",\"position\":2,\"name\":\"Kontaktoni\"}]},{\"@type\":\"WebSite\",\"@id\":\"https:\/\/aensystems.com.mk\/sq\/#website\",\"url\":\"https:\/\/aensystems.com.mk\/sq\/\",\"name\":\"\u0410\u0415\u041d \u0421\u0438\u0441\u0442\u0435\u043c\u0441\",\"description\":\"Profile dhe gardhe alumini dhe PVC\",\"publisher\":{\"@id\":\"https:\/\/aensystems.com.mk\/sq\/#organization\"},\"potentialAction\":[{\"@type\":\"SearchAction\",\"target\":{\"@type\":\"EntryPoint\",\"urlTemplate\":\"https:\/\/aensystems.com.mk\/sq\/?s={search_term_string}\"},\"query-input\":{\"@type\":\"PropertyValueSpecification\",\"valueRequired\":true,\"valueName\":\"search_term_string\"}}],\"inLanguage\":\"sq-AL\"},{\"@type\":\"Organization\",\"@id\":\"https:\/\/aensystems.com.mk\/sq\/#organization\",\"name\":\"\u0410\u0415\u041d \u0421\u0438\u0441\u0442\u0435\u043c\u0441\",\"url\":\"https:\/\/aensystems.com.mk\/sq\/\",\"logo\":{\"@type\":\"ImageObject\",\"inLanguage\":\"sq-AL\",\"@id\":\"https:\/\/aensystems.com.mk\/sq\/#\/schema\/logo\/image\/\",\"url\":\"https:\/\/aensystems.com.mk\/wp-content\/uploads\/2022\/11\/logo-aen-sistems.png\",\"contentUrl\":\"https:\/\/aensystems.com.mk\/wp-content\/uploads\/2022\/11\/logo-aen-sistems.png\",\"width\":450,\"height\":142,\"caption\":\"\u0410\u0415\u041d \u0421\u0438\u0441\u0442\u0435\u043c\u0441\"},\"image\":{\"@id\":\"https:\/\/aensystems.com.mk\/sq\/#\/schema\/logo\/image\/\"}}]}<\/script>\n<!-- \/ Yoast SEO plugin. -->","yoast_head_json":{"title":"Kontaktoni - \u0410\u0415\u041d \u0421\u0438\u0441\u0442\u0435\u043c\u0441","robots":{"index":"index","follow":"follow","max-snippet":"max-snippet:-1","max-image-preview":"max-image-preview:large","max-video-preview":"max-video-preview:-1"},"canonical":"https:\/\/aensystems.com.mk\/sq\/kontaktoni\/","og_locale":"sq_AL","og_type":"article","og_title":"Kontaktoni - \u0410\u0415\u041d \u0421\u0438\u0441\u0442\u0435\u043c\u0441","og_description":"Adres\u00eb: 14 Bitpazarska 1000 Shkup, Maqedonia e Veriut Telefoni: +389 71 341 418 Email: aensystemsmk@gmail.com Na kontaktoni JU LUTEM NA","og_url":"https:\/\/aensystems.com.mk\/sq\/kontaktoni\/","og_site_name":"\u0410\u0415\u041d \u0421\u0438\u0441\u0442\u0435\u043c\u0441","article_modified_time":"2022-12-09T22:01:56+00:00","twitter_card":"summary_large_image","twitter_misc":{"Est. reading time":"1 minute"},"schema":{"@context":"https:\/\/schema.org","@graph":[{"@type":"WebPage","@id":"https:\/\/aensystems.com.mk\/sq\/kontaktoni\/","url":"https:\/\/aensystems.com.mk\/sq\/kontaktoni\/","name":"Kontaktoni - \u0410\u0415\u041d \u0421\u0438\u0441\u0442\u0435\u043c\u0441","isPartOf":{"@id":"https:\/\/aensystems.com.mk\/sq\/#website"},"datePublished":"2022-11-09T15:45:07+00:00","dateModified":"2022-12-09T22:01:56+00:00","breadcrumb":{"@id":"https:\/\/aensystems.com.mk\/sq\/kontaktoni\/#breadcrumb"},"inLanguage":"sq-AL","potentialAction":[{"@type":"ReadAction","target":["https:\/\/aensystems.com.mk\/sq\/kontaktoni\/"]}]},{"@type":"BreadcrumbList","@id":"https:\/\/aensystems.com.mk\/sq\/kontaktoni\/#breadcrumb","itemListElement":[{"@type":"ListItem","position":1,"name":"Home","item":"https:\/\/aensystems.com.mk\/sq\/"},{"@type":"ListItem","position":2,"name":"Kontaktoni"}]},{"@type":"WebSite","@id":"https:\/\/aensystems.com.mk\/sq\/#website","url":"https:\/\/aensystems.com.mk\/sq\/","name":"\u0410\u0415\u041d \u0421\u0438\u0441\u0442\u0435\u043c\u0441","description":"Profile dhe gardhe alumini dhe PVC","publisher":{"@id":"https:\/\/aensystems.com.mk\/sq\/#organization"},"potentialAction":[{"@type":"SearchAction","target":{"@type":"EntryPoint","urlTemplate":"https:\/\/aensystems.com.mk\/sq\/?s={search_term_string}"},"query-input":{"@type":"PropertyValueSpecification","valueRequired":true,"valueName":"search_term_string"}}],"inLanguage":"sq-AL"},{"@type":"Organization","@id":"https:\/\/aensystems.com.mk\/sq\/#organization","name":"\u0410\u0415\u041d \u0421\u0438\u0441\u0442\u0435\u043c\u0441","url":"https:\/\/aensystems.com.mk\/sq\/","logo":{"@type":"ImageObject","inLanguage":"sq-AL","@id":"https:\/\/aensystems.com.mk\/sq\/#\/schema\/logo\/image\/","url":"https:\/\/aensystems.com.mk\/wp-content\/uploads\/2022\/11\/logo-aen-sistems.png","contentUrl":"https:\/\/aensystems.com.mk\/wp-content\/uploads\/2022\/11\/logo-aen-sistems.png","width":450,"height":142,"caption":"\u0410\u0415\u041d \u0421\u0438\u0441\u0442\u0435\u043c\u0441"},"image":{"@id":"https:\/\/aensystems.com.mk\/sq\/#\/schema\/logo\/image\/"}}]}},"_links":{"self":[{"href":"https:\/\/aensystems.com.mk\/sq\/wp-json\/wp\/v2\/pages\/18376","targetHints":{"allow":["GET"]}}],"collection":[{"href":"https:\/\/aensystems.com.mk\/sq\/wp-json\/wp\/v2\/pages"}],"about":[{"href":"https:\/\/aensystems.com.mk\/sq\/wp-json\/wp\/v2\/types\/page"}],"author":[{"embeddable":true,"href":"https:\/\/aensystems.com.mk\/sq\/wp-json\/wp\/v2\/users\/1"}],"replies":[{"embeddable":true,"href":"https:\/\/aensystems.com.mk\/sq\/wp-json\/wp\/v2\/comments?post=18376"}],"version-history":[{"count":0,"href":"https:\/\/aensystems.com.mk\/sq\/wp-json\/wp\/v2\/pages\/18376\/revisions"}],"wp:attachment":[{"href":"https:\/\/aensystems.com.mk\/sq\/wp-json\/wp\/v2\/media?parent=18376"}],"curies":[{"name":"wp","href":"https:\/\/api.w.org\/{rel}","templated":true}]}}